{"id":459,"date":"2021-11-02T19:20:20","date_gmt":"2021-11-02T19:20:20","guid":{"rendered":"http:\/\/magdabielesz.com\/?page_id=459"},"modified":"2021-11-14T20:59:31","modified_gmt":"2021-11-14T20:59:31","slug":"press-bookscatalogues-rituals-of-transition","status":"publish","type":"page","link":"https:\/\/magdabielesz.com\/?page_id=459","title":{"rendered":"Press \/ Books&#038;Catalogues \/ Rituals of transition"},"content":{"rendered":"\t\t<div data-elementor-type=\"wp-page\" data-elementor-id=\"459\" class=\"elementor elementor-459\" data-elementor-settings=\"[]\">\n\t\t\t\t\t\t\t<div class=\"elementor-section-wrap\">\n\t\t\t\t\t\t\t<section class=\"elementor-section elementor-top-section elementor-element elementor-element-126d26c elementor-section-boxed elementor-section-height-default elementor-section-height-default\" data-id=\"126d26c\" data-element_type=\"section\">\n\t\t\t\t\t\t<div class=\"elementor-container elementor-column-gap-default\">\n\t\t\t\t\t<div class=\"elementor-column elementor-col-100 elementor-top-column elementor-element elementor-element-62ccf77\" data-id=\"62ccf77\" data-element_type=\"column\">\n\t\t\t<div class=\"elementor-widget-wrap elementor-element-populated\">\n\t\t\t\t\t\t\t\t<div class=\"elementor-element elementor-element-b01c556 elementor-widget elementor-widget-heading\" data-id=\"b01c556\" data-element_type=\"widget\" data-widget_type=\"heading.default\">\n\t\t\t\t<div class=\"elementor-widget-container\">\n\t\t\t<h2 class=\"elementor-heading-title elementor-size-default\">Rituals of transition. Board games<\/h2>\t\t<\/div>\n\t\t\t\t<\/div>\n\t\t\t\t\t<\/div>\n\t\t<\/div>\n\t\t\t\t\t\t\t<\/div>\n\t\t<\/section>\n\t\t\t\t<section class=\"elementor-section elementor-top-section elementor-element elementor-element-50bdb97 elementor-section-boxed elementor-section-height-default elementor-section-height-default\" data-id=\"50bdb97\" data-element_type=\"section\">\n\t\t\t\t\t\t<div class=\"elementor-container elementor-column-gap-default\">\n\t\t\t\t\t<div class=\"elementor-column elementor-col-100 elementor-top-column elementor-element elementor-element-1620661\" data-id=\"1620661\" data-element_type=\"column\">\n\t\t\t<div class=\"elementor-widget-wrap elementor-element-populated\">\n\t\t\t\t\t\t\t\t<section class=\"elementor-section elementor-inner-section elementor-element elementor-element-5a10c9c elementor-section-boxed elementor-section-height-default elementor-section-height-default\" data-id=\"5a10c9c\" data-element_type=\"section\">\n\t\t\t\t\t\t<div class=\"elementor-container elementor-column-gap-default\">\n\t\t\t\t\t<div class=\"elementor-column elementor-col-50 elementor-inner-column elementor-element elementor-element-3d6beae\" data-id=\"3d6beae\" data-element_type=\"column\">\n\t\t\t<div class=\"elementor-widget-wrap elementor-element-populated\">\n\t\t\t\t\t\t\t\t<div class=\"elementor-element elementor-element-362d4e5 elementor-widget elementor-widget-text-editor\" data-id=\"362d4e5\" data-element_type=\"widget\" data-widget_type=\"text-editor.default\">\n\t\t\t\t<div class=\"elementor-widget-container\">\n\t\t\t\t\t\t\t<p>Rituals of Transition. Board Games is the title of an exhibition by Magdalena Bielesz, presented at the Zach\u0119ta Project Room. The exhibition brings together the artist\u2019s works to date in a very interesting way. On the walls of the gallery, you will find paintings (mainly showing children in motion), which are part of her diploma obtained at the Faculty of Painting of the Academy of Fine Arts in Warsaw, in the studio of Leon Tarasewicz, as well as painting compositions, objects and films created recently. The author\u2019s early and recent works refer to the time of childhood or the world of the child. The artist\u2019s situation has changed in a natural way since her studies. For several years, she has been combining the duties of a mother with her artistic work \u2014 a difficult task all creative mothers are familiar with. This&nbsp; difficulty is another important theme of this exhibition. Magdalena\u2019s son, Maurycy, is almost seven years old and is the co-author of the exhibition. Bielesz recalls how she taught him how to draw guiding his small hand holding a pencil over paper. Then came time for drawing game boards on cardboard together. The complicated tracks were not always used for games later on. Mother and son often just played with creating multicoloured compositions. At the Zach\u0119ta Project Room, the selection of these joint drawings is presented in display cases hand-painted by both authors of the exhibition. Primary colours \u2014 red, blue and yellow \u2014 like those we can find on beach balls from the artist\u2019s childhood, recur in various parts of the exhibition. For Magdalena Bielesz, childhood mainly holds associations with time spent by the sea. For her, the best children\u2019s games are those that take place on the beach. <br>Hyper-realistic representations of playing children, clothes and toys, characteristic of the artist\u2019s early works, are replaced by more abstract works \u2014 compositions geometric figures (some directly referring to paintings by Malevich). At other times they are paintings in which abstract shapes are juxtaposed with clothes \u2014 skirts or dresses \u2014 symbolic portraits of an adult woman. In the exhibition at the Zach\u0119ta Project Room, the author plays with \npainting conventions. She consciously puts the drawing of a child on an \nequal footing with the compositions she \u2014 a professional painter \u2014 \ncreates. She even goes a step further \u2014 in the film Lines, shot a month \nago in the Zach\u0119ta workshop room, we&nbsp; see her copying the movement of \nher son&#8217;s hand, spontaneously drawing with pastels on a blackboard.<\/p>\t\t\t\t\t\t<\/div>\n\t\t\t\t<\/div>\n\t\t\t\t\t<\/div>\n\t\t<\/div>\n\t\t\t\t<div class=\"elementor-column elementor-col-50 elementor-inner-column elementor-element elementor-element-00ce341\" data-id=\"00ce341\" data-element_type=\"column\">\n\t\t\t<div class=\"elementor-widget-wrap elementor-element-populated\">\n\t\t\t\t\t\t\t\t<div class=\"elementor-element elementor-element-f1e4c49 elementor-widget elementor-widget-text-editor\" data-id=\"f1e4c49\" data-element_type=\"widget\" data-widget_type=\"text-editor.default\">\n\t\t\t\t<div class=\"elementor-widget-container\">\n\t\t\t\t\t\t\t<p>The roles are somewhat reversed \u2014 the mother\/adult\/educated artist tries to return to the innocence or unhindered freedom of a child\u2019s drawing, to the original truth of the gesture. It is a kind of \u00e0 rebours ritual \u2014 from adulthood back to childhood. <br \/>Bielesz, speaking about this film, jokingly refers to Picasso, who supposedly said that \u2018it took him four years to learn to paint like Raphael, and his whole life to paint like a child\u2019. Rituals of Transition, created in 2018 and 2019 (thanks to collaboration with the \u0141a\u017ania Centre for Contemporary Art in Gda\u0144sk), are a kind of film impressions recording the joint performative and artistic activities of Magdalena and Maurycy in the gallery and on the beach. The participants use various props \u2014 such as mirrors, which, according to the artist, reflect the image of childhood in its pure form, masks, ribbons, batons, drawing utensils. Drawings are made on paper or are drawn in space, against the background of sand and sea. <br \/>Another film by Bielesz shown at the exhibition, which also features a mirror image, is entitled Glaze and was created in 2018. It is a kind of a humorous self-portrait of the painter \u2014 this time painting her hair with a brush. In the background, we can hear the voice of her son, so it is a portrait of a painter and a mother&#8230; The exhibition is complemented by small geometric sculptures made of plasticine placed on wooden cubes (a humorous combination of \u2018adult\u2019 sculptural abstraction with \u2018childish\u2019 material). The formal and conceptual keystone of the project is a painted self-portrait of the artist from the beginning of her pregnancy, in which we see her on the beach, dressed in a swimsuit, holding an inflatable beach ball in front of her. It can be read as an attempt to capture the beginning of a new, important stage in life. \u00a0<br \/>Rituals of Transition. Board Games is not the first exhibition created by an artist parent in a duet with a child. Similar shows can be read in different ways \u2014 as a way of proving that one has passed on their special skills to a child or as an attempt to bring the worlds of adults and children together in the field of art. This is how Magdalena Bielesz perceives her joint project with her son Maurycy.<\/p><p><em>Magda Kardasz<\/em><\/p>\t\t\t\t\t\t<\/div>\n\t\t\t\t<\/div>\n\t\t\t\t\t<\/div>\n\t\t<\/div>\n\t\t\t\t\t\t\t<\/div>\n\t\t<\/section>\n\t\t\t\t\t<\/div>\n\t\t<\/div>\n\t\t\t\t\t\t\t<\/div>\n\t\t<\/section>\n\t\t\t\t<section class=\"elementor-section elementor-top-section elementor-element elementor-element-6f1a60d elementor-section-boxed elementor-section-height-default elementor-section-height-default\" data-id=\"6f1a60d\" data-element_type=\"section\">\n\t\t\t\t\t\t<div class=\"elementor-container elementor-column-gap-default\">\n\t\t\t\t\t<div class=\"elementor-column elementor-col-100 elementor-top-column elementor-element elementor-element-47fb342\" data-id=\"47fb342\" data-element_type=\"column\">\n\t\t\t<div class=\"elementor-widget-wrap elementor-element-populated\">\n\t\t\t\t\t\t\t\t<div class=\"elementor-element elementor-element-0b2369e gallery-spacing-custom elementor-widget elementor-widget-image-gallery\" data-id=\"0b2369e\" data-element_type=\"widget\" data-widget_type=\"image-gallery.default\">\n\t\t\t\t<div class=\"elementor-widget-container\">\n\t\t\t\t\t<div class=\"elementor-image-gallery\">\n\t\t\t<div id='gallery-1' class='gallery galleryid-459 gallery-columns-3 gallery-size-medium'><figure class='gallery-item'>\n\t\t\t<div class='gallery-icon portrait'>\n\t\t\t\t<a data-elementor-open-lightbox=\"yes\" data-elementor-lightbox-slideshow=\"0b2369e\" data-elementor-lightbox-title=\"Rituals of transition\" href='https:\/\/magdabielesz.com\/wp-content\/uploads\/2021\/11\/press-rot-1-scaled.jpeg'><img loading=\"lazy\" decoding=\"async\" width=\"176\" height=\"300\" src=\"https:\/\/magdabielesz.com\/wp-content\/uploads\/2021\/11\/press-rot-1-176x300.jpeg\" class=\"attachment-medium size-medium\" alt=\"\" srcset=\"https:\/\/magdabielesz.com\/wp-content\/uploads\/2021\/11\/press-rot-1-176x300.jpeg 176w, https:\/\/magdabielesz.com\/wp-content\/uploads\/2021\/11\/press-rot-1-600x1024.jpeg 600w, https:\/\/magdabielesz.com\/wp-content\/uploads\/2021\/11\/press-rot-1-768x1311.jpeg 768w, https:\/\/magdabielesz.com\/wp-content\/uploads\/2021\/11\/press-rot-1-900x1536.jpeg 900w, https:\/\/magdabielesz.com\/wp-content\/uploads\/2021\/11\/press-rot-1-1200x2048.jpeg 1200w, https:\/\/magdabielesz.com\/wp-content\/uploads\/2021\/11\/press-rot-1-scaled.jpeg 1500w\" sizes=\"auto, (max-width: 176px) 100vw, 176px\" \/><\/a>\n\t\t\t<\/div><\/figure><figure class='gallery-item'>\n\t\t\t<div class='gallery-icon portrait'>\n\t\t\t\t<a data-elementor-open-lightbox=\"yes\" data-elementor-lightbox-slideshow=\"0b2369e\" data-elementor-lightbox-title=\"Rituals of transition\" href='https:\/\/magdabielesz.com\/wp-content\/uploads\/2021\/11\/press-rot-2-scaled.jpeg'><img loading=\"lazy\" decoding=\"async\" width=\"176\" height=\"300\" src=\"https:\/\/magdabielesz.com\/wp-content\/uploads\/2021\/11\/press-rot-2-176x300.jpeg\" class=\"attachment-medium size-medium\" alt=\"\" srcset=\"https:\/\/magdabielesz.com\/wp-content\/uploads\/2021\/11\/press-rot-2-176x300.jpeg 176w, https:\/\/magdabielesz.com\/wp-content\/uploads\/2021\/11\/press-rot-2-600x1024.jpeg 600w, https:\/\/magdabielesz.com\/wp-content\/uploads\/2021\/11\/press-rot-2-768x1311.jpeg 768w, https:\/\/magdabielesz.com\/wp-content\/uploads\/2021\/11\/press-rot-2-900x1536.jpeg 900w, https:\/\/magdabielesz.com\/wp-content\/uploads\/2021\/11\/press-rot-2-1200x2048.jpeg 1200w, https:\/\/magdabielesz.com\/wp-content\/uploads\/2021\/11\/press-rot-2-scaled.jpeg 1500w\" sizes=\"auto, (max-width: 176px) 100vw, 176px\" \/><\/a>\n\t\t\t<\/div><\/figure><figure class='gallery-item'>\n\t\t\t<div class='gallery-icon landscape'>\n\t\t\t\t<a data-elementor-open-lightbox=\"yes\" data-elementor-lightbox-slideshow=\"0b2369e\" data-elementor-lightbox-title=\"Rituals of transition\" href='https:\/\/magdabielesz.com\/wp-content\/uploads\/2021\/11\/press-rot-fot-1.png'><img loading=\"lazy\" decoding=\"async\" width=\"300\" height=\"204\" src=\"https:\/\/magdabielesz.com\/wp-content\/uploads\/2021\/11\/press-rot-fot-1-300x204.png\" class=\"attachment-medium size-medium\" alt=\"\" srcset=\"https:\/\/magdabielesz.com\/wp-content\/uploads\/2021\/11\/press-rot-fot-1-300x204.png 300w, https:\/\/magdabielesz.com\/wp-content\/uploads\/2021\/11\/press-rot-fot-1-1024x697.png 1024w, https:\/\/magdabielesz.com\/wp-content\/uploads\/2021\/11\/press-rot-fot-1-768x523.png 768w, https:\/\/magdabielesz.com\/wp-content\/uploads\/2021\/11\/press-rot-fot-1-1536x1046.png 1536w, https:\/\/magdabielesz.com\/wp-content\/uploads\/2021\/11\/press-rot-fot-1-2048x1395.png 2048w\" sizes=\"auto, (max-width: 300px) 100vw, 300px\" \/><\/a>\n\t\t\t<\/div><\/figure><figure class='gallery-item'>\n\t\t\t<div class='gallery-icon portrait'>\n\t\t\t\t<a data-elementor-open-lightbox=\"yes\" data-elementor-lightbox-slideshow=\"0b2369e\" data-elementor-lightbox-title=\"Rituals of transition\" href='https:\/\/magdabielesz.com\/wp-content\/uploads\/2021\/11\/press-rot-fot-2.png'><img loading=\"lazy\" decoding=\"async\" width=\"215\" height=\"300\" src=\"https:\/\/magdabielesz.com\/wp-content\/uploads\/2021\/11\/press-rot-fot-2-215x300.png\" class=\"attachment-medium size-medium\" alt=\"\" srcset=\"https:\/\/magdabielesz.com\/wp-content\/uploads\/2021\/11\/press-rot-fot-2-215x300.png 215w, https:\/\/magdabielesz.com\/wp-content\/uploads\/2021\/11\/press-rot-fot-2-735x1024.png 735w, https:\/\/magdabielesz.com\/wp-content\/uploads\/2021\/11\/press-rot-fot-2-768x1071.png 768w, https:\/\/magdabielesz.com\/wp-content\/uploads\/2021\/11\/press-rot-fot-2.png 1023w\" sizes=\"auto, (max-width: 215px) 100vw, 215px\" \/><\/a>\n\t\t\t<\/div><\/figure><figure class='gallery-item'>\n\t\t\t<div class='gallery-icon landscape'>\n\t\t\t\t<a data-elementor-open-lightbox=\"yes\" data-elementor-lightbox-slideshow=\"0b2369e\" data-elementor-lightbox-title=\"Rituals of transition\" href='https:\/\/magdabielesz.com\/wp-content\/uploads\/2021\/11\/press-rot-fot-3.png'><img loading=\"lazy\" decoding=\"async\" width=\"300\" height=\"202\" src=\"https:\/\/magdabielesz.com\/wp-content\/uploads\/2021\/11\/press-rot-fot-3-300x202.png\" class=\"attachment-medium size-medium\" alt=\"\" srcset=\"https:\/\/magdabielesz.com\/wp-content\/uploads\/2021\/11\/press-rot-fot-3-300x202.png 300w, https:\/\/magdabielesz.com\/wp-content\/uploads\/2021\/11\/press-rot-fot-3-1024x689.png 1024w, https:\/\/magdabielesz.com\/wp-content\/uploads\/2021\/11\/press-rot-fot-3-768x516.png 768w, https:\/\/magdabielesz.com\/wp-content\/uploads\/2021\/11\/press-rot-fot-3-1536x1033.png 1536w, https:\/\/magdabielesz.com\/wp-content\/uploads\/2021\/11\/press-rot-fot-3.png 1865w\" sizes=\"auto, (max-width: 300px) 100vw, 300px\" \/><\/a>\n\t\t\t<\/div><\/figure><figure class='gallery-item'>\n\t\t\t<div class='gallery-icon portrait'>\n\t\t\t\t<a data-elementor-open-lightbox=\"yes\" data-elementor-lightbox-slideshow=\"0b2369e\" data-elementor-lightbox-title=\"Rituals of transition\" href='https:\/\/magdabielesz.com\/wp-content\/uploads\/2021\/11\/press-rot-fot-4.png'><img loading=\"lazy\" decoding=\"async\" width=\"300\" height=\"300\" src=\"https:\/\/magdabielesz.com\/wp-content\/uploads\/2021\/11\/press-rot-fot-4-300x300.png\" class=\"attachment-medium size-medium\" alt=\"\" srcset=\"https:\/\/magdabielesz.com\/wp-content\/uploads\/2021\/11\/press-rot-fot-4-300x300.png 300w, https:\/\/magdabielesz.com\/wp-content\/uploads\/2021\/11\/press-rot-fot-4-1022x1024.png 1022w, https:\/\/magdabielesz.com\/wp-content\/uploads\/2021\/11\/press-rot-fot-4-150x150.png 150w, https:\/\/magdabielesz.com\/wp-content\/uploads\/2021\/11\/press-rot-fot-4-768x769.png 768w, https:\/\/magdabielesz.com\/wp-content\/uploads\/2021\/11\/press-rot-fot-4.png 1252w\" sizes=\"auto, (max-width: 300px) 100vw, 300px\" \/><\/a>\n\t\t\t<\/div><\/figure><figure class='gallery-item'>\n\t\t\t<div class='gallery-icon portrait'>\n\t\t\t\t<a data-elementor-open-lightbox=\"yes\" data-elementor-lightbox-slideshow=\"0b2369e\" data-elementor-lightbox-title=\"Rituals of transition\" href='https:\/\/magdabielesz.com\/wp-content\/uploads\/2021\/11\/press-rot-fot-5.png'><img loading=\"lazy\" decoding=\"async\" width=\"230\" height=\"300\" src=\"https:\/\/magdabielesz.com\/wp-content\/uploads\/2021\/11\/press-rot-fot-5-230x300.png\" class=\"attachment-medium size-medium\" alt=\"\" srcset=\"https:\/\/magdabielesz.com\/wp-content\/uploads\/2021\/11\/press-rot-fot-5-230x300.png 230w, https:\/\/magdabielesz.com\/wp-content\/uploads\/2021\/11\/press-rot-fot-5-786x1024.png 786w, https:\/\/magdabielesz.com\/wp-content\/uploads\/2021\/11\/press-rot-fot-5-768x1000.png 768w, https:\/\/magdabielesz.com\/wp-content\/uploads\/2021\/11\/press-rot-fot-5.png 995w\" sizes=\"auto, (max-width: 230px) 100vw, 230px\" \/><\/a>\n\t\t\t<\/div><\/figure><figure class='gallery-item'>\n\t\t\t<div class='gallery-icon portrait'>\n\t\t\t\t<a data-elementor-open-lightbox=\"yes\" data-elementor-lightbox-slideshow=\"0b2369e\" data-elementor-lightbox-title=\"Rituals of transition\" href='https:\/\/magdabielesz.com\/wp-content\/uploads\/2021\/11\/press-rot-fot-6.png'><img loading=\"lazy\" decoding=\"async\" width=\"242\" height=\"300\" src=\"https:\/\/magdabielesz.com\/wp-content\/uploads\/2021\/11\/press-rot-fot-6-242x300.png\" class=\"attachment-medium size-medium\" alt=\"\" srcset=\"https:\/\/magdabielesz.com\/wp-content\/uploads\/2021\/11\/press-rot-fot-6-242x300.png 242w, https:\/\/magdabielesz.com\/wp-content\/uploads\/2021\/11\/press-rot-fot-6-827x1024.png 827w, https:\/\/magdabielesz.com\/wp-content\/uploads\/2021\/11\/press-rot-fot-6-768x951.png 768w, https:\/\/magdabielesz.com\/wp-content\/uploads\/2021\/11\/press-rot-fot-6.png 1046w\" sizes=\"auto, (max-width: 242px) 100vw, 242px\" \/><\/a>\n\t\t\t<\/div><\/figure><figure class='gallery-item'>\n\t\t\t<div class='gallery-icon portrait'>\n\t\t\t\t<a data-elementor-open-lightbox=\"yes\" data-elementor-lightbox-slideshow=\"0b2369e\" data-elementor-lightbox-title=\"Rituals of transition\" href='https:\/\/magdabielesz.com\/wp-content\/uploads\/2021\/11\/press-rot-fot-7.png'><img loading=\"lazy\" decoding=\"async\" width=\"240\" height=\"300\" src=\"https:\/\/magdabielesz.com\/wp-content\/uploads\/2021\/11\/press-rot-fot-7-240x300.png\" class=\"attachment-medium size-medium\" alt=\"\" srcset=\"https:\/\/magdabielesz.com\/wp-content\/uploads\/2021\/11\/press-rot-fot-7-240x300.png 240w, https:\/\/magdabielesz.com\/wp-content\/uploads\/2021\/11\/press-rot-fot-7-818x1024.png 818w, https:\/\/magdabielesz.com\/wp-content\/uploads\/2021\/11\/press-rot-fot-7-768x961.png 768w, https:\/\/magdabielesz.com\/wp-content\/uploads\/2021\/11\/press-rot-fot-7.png 1033w\" sizes=\"auto, (max-width: 240px) 100vw, 240px\" \/><\/a>\n\t\t\t<\/div><\/figure>\n\t\t<\/div>\n\t\t<\/div>\n\t\t\t\t<\/div>\n\t\t\t\t<\/div>\n\t\t\t\t\t<\/div>\n\t\t<\/div>\n\t\t\t\t\t\t\t<\/div>\n\t\t<\/section>\n\t\t\t\t\t\t<\/div>\n\t\t\t\t\t<\/div>\n\t\t","protected":false},"excerpt":{"rendered":"<p>Rituals of transition. Board games Rituals of Transition. Board Games is the title of an exhibition by Magdalena Bielesz, presented at the Zach\u0119ta Project Room. The exhibition brings together the artist\u2019s works to date in a very interesting way. On the walls of the gallery, you will find paintings (mainly showing children in motion), which [&hellip;]<\/p>\n","protected":false},"author":1,"featured_media":0,"parent":0,"menu_order":0,"comment_status":"closed","ping_status":"closed","template":"","meta":{"_monsterinsights_skip_tracking":false,"_monsterinsights_sitenote_active":false,"_monsterinsights_sitenote_note":"","_monsterinsights_sitenote_category":0,"footnotes":""},"class_list":["post-459","page","type-page","status-publish","hentry"],"_links":{"self":[{"href":"https:\/\/magdabielesz.com\/index.php?rest_route=\/wp\/v2\/pages\/459","targetHints":{"allow":["GET"]}}],"collection":[{"href":"https:\/\/magdabielesz.com\/index.php?rest_route=\/wp\/v2\/pages"}],"about":[{"href":"https:\/\/magdabielesz.com\/index.php?rest_route=\/wp\/v2\/types\/page"}],"author":[{"embeddable":true,"href":"https:\/\/magdabielesz.com\/index.php?rest_route=\/wp\/v2\/users\/1"}],"replies":[{"embeddable":true,"href":"https:\/\/magdabielesz.com\/index.php?rest_route=%2Fwp%2Fv2%2Fcomments&post=459"}],"version-history":[{"count":7,"href":"https:\/\/magdabielesz.com\/index.php?rest_route=\/wp\/v2\/pages\/459\/revisions"}],"predecessor-version":[{"id":501,"href":"https:\/\/magdabielesz.com\/index.php?rest_route=\/wp\/v2\/pages\/459\/revisions\/501"}],"wp:attachment":[{"href":"https:\/\/magdabielesz.com\/index.php?rest_route=%2Fwp%2Fv2%2Fmedia&parent=459"}],"curies":[{"name":"wp","href":"https:\/\/api.w.org\/{rel}","templated":true}]}}