{"id":16,"date":"2021-10-30T16:36:54","date_gmt":"2021-10-30T16:36:54","guid":{"rendered":"http:\/\/magdabielesz.com\/?page_id=16"},"modified":"2025-12-06T23:17:10","modified_gmt":"2025-12-06T23:17:10","slug":"bio-slug","status":"publish","type":"page","link":"http:\/\/magdabielesz.com\/?page_id=16","title":{"rendered":"Biography"},"content":{"rendered":"<p><img decoding=\"async\" src=\"http:\/\/magdabielesz.com\/wp-content\/uploads\/elementor\/thumbs\/bio-portret2-pgd80r23z9h55yqt22bori9d0b56878pzkv9v0r39u.png\" title=\"bio-portret2\" alt=\"bio-portret2\" \/>\t\t\t\t\t\t\t\t\t\t\t\t\t\t\t<\/p>\n<p><em>portrait by Grzegorz Drozd<\/em><\/p>\n<p><strong>Magda Bielesz<\/strong> (b. 1977, Poland) is a multidisciplinary artist. She is a graduate of the Faculty of Painting at the Academy of Fine Arts in Warsaw 2002. Magda has exhibited extensively in international galleries and institutions, such as la Biennale di Venezia- 51st International Art Exhibition, Venice, Italy, The Museum of New Art, Detroit, US, TJ Boulting, London, UK, Berlinale 2008, KUNSTB\u00dcROBERLIN, Berlin, Germany, CICA Museum, Gimpo, South Korea.<\/p>\n<p>Her works can be found in the collections of: History of Art Warsaw University, Zacheta \u2013 National Gallery of Art, Museum of Pharmacy, Museum of Warsaw branch, National Museum (NOMUS) in Gdansk, Poland, Imago Mundi \u2013 Benetton Foundation in Italy, the SONS Museum in Kruishoutem, Belgium, Museum of New Art in Detroit, Istanbul Contemporary Art Museum (iS.CaM), Istanbul, Turkey.<\/p>\n<p>Solo show<\/p>\n<p><strong>2025<\/strong><br \/>&#8211;<em> Punkt styku<\/em>, Galeria Antoniego Rz\u0105sy, Zakopane<\/p>\n<p><strong>2023<\/strong><br \/>&#8211;<em> Sketches and recipes, <\/em>(open studio day), Kupfer Project Space, London, UK<\/p>\n<p><strong>2022<\/strong><br \/>&#8211;<em> I feel safe among drugs<\/em>, Museum of Pharmacy, Museum of Warsaw branch, Warsaw, Poland<\/p>\n<p><strong>2019<\/strong><br \/>&#8211;<em> Rituals of transition. Board games<\/em>, Zacheta Project Room, Warsaw, Poland<\/p>\n<p>&#8211; <em>La Legenda<\/em>, Residencia Coraz\u00f3n, La Plata, Argentina<\/p>\n<p><strong>2017<\/strong><br \/>&#8211;<em> Reorganisations<\/em>, (with Justyna Wencel), Gra\u017ce Project Gallery, Warsaw, Poland<\/p>\n<p><strong>2016<\/strong><br \/>&#8211;<em> Alternative life<\/em>, work based on interaction with the audience, Zach\u0119ta Project Room, Warsaw, Poland<\/p>\n<p><strong>2015<\/strong><br \/>&#8211;<em> Mini photo stands<\/em>, city space around CCA \u0141a\u017ania, Gda\u0144sk,Poland<\/p>\n<p><strong>2011<\/strong><br \/><em>&#8211; 100 paintings<\/em>, Fundacja Nowej Kultury B\u0119c Zmiana, Warsaw, POLAND<\/p>\n<p><strong>2010<\/strong><br \/><em>&#8211; Selenici<\/em>, Instytut Polski, Praha, Czech Repulic<br \/><em>&#8211; Universal Wish<\/em>, m.odle gallery, Praha, Czech Republic<br \/><em>&#8211; The room<\/em>, CCA \u0141a\u017ania, Gda\u0144sk, Poland<\/p>\n<p><strong>2009<\/strong><br \/><em>&#8211; Ett dr\u00f6mspel<\/em>, Krytyka Polityczna\u2019s day room, Gda\u0144sk, Poland<br \/><em>&#8211; The room\/Moving through the walls<\/em>, private apartment, Warsaw, Noc Muze\u00f3w, Poland<br \/><em>&#8211; I can be who I want to be. I feel it is my duty, responsibility to be who I want to be<\/em>, Wizytuj\u0105ca Gallery, Warsaw, Poland<\/p>\n<p><strong>2008<\/strong><br \/><em>&#8211; Crime Story, Zero Gallery<\/em>, Berlin, Germany<br \/><em>&#8211; Ho\u017ca gallery\u2019s first birthday<\/em>, Ho\u017ca Gallery, Warsaw, Poland<\/p>\n<p><strong>2007<\/strong><br \/><em>&#8211; Prolog (one week happening)<\/em>, Cafe Kulturalna with cooperation with Wizytuj\u0105ca Gallery, Warsaw, Poland<br \/><em>&#8211; Unreality Moments<\/em>, Ikona Gallery, \u0141\u00f3d\u017a, Poland<\/p>\n<p><strong>2006<\/strong><br \/><em>&#8211; Somewhere over the rainbow\u2026<\/em>, Aijima Art Center, Abiko\/Tokyo, Japan<br \/><em>&#8211; Universal wish<\/em>, MoKS, Mooste, Estonia<br \/><em>&#8211; Universal wish<\/em>, Wd8 Cultural Center, Walkersdorf, Austria<\/p>\n<p><strong>2005<\/strong><br \/><em>&#8211; Play my life painting\/ Collective Intelligens (Mutaforma Project)<\/em> video, Kolonia Artyst\u00f3w, Gda\u0144sk, Poland<br \/><em>&#8211; enjoy yourself<\/em>, Szewska36 Gallery, Wroclaw, Poland<br \/><em>&#8211; Play my life<\/em>, Postsovkhoz5, Mooste, Estonia<br \/><em>&#8211; Water collage<\/em>, Muz Gallery, Toru\u0144, Poland<br \/><em>&#8211; 8March<\/em> (action), Zach\u0119ta National Gallery of Art., Warsaw, Poland<\/p>\n<p><strong>2004<\/strong><br \/><em>&#8211; Swimming lesson<\/em>, Baltic Gallery of Contemporary Art., Ustka, Poland<br \/><em>&#8211; Dolls<\/em>, Kolonia Artyst\u00f3w, Gda\u0144sk, Poland<br \/><em>&#8211; Dolls<\/em>, SOHO, Club-gallery, Sopot, Poland<br \/><em>&#8211; PGR_ART_Attack<\/em>, Kolonia Artyst\u00f3w, Gda\u0144sk, Poland<br \/><em>&#8211; PGR_ART_Attack<\/em>, SOHO, Club-gallery, Sopot, Poland<\/p>\n<p><strong>2003<\/strong><br \/><em>&#8211; Without a title,<\/em> Zero Gallery, Berlin, Germany<br \/><em>&#8211; Sailormoon<\/em>, Zach\u0119ta &#8211; National Gallery of Art, Warsaw, Poland<br \/><em>&#8211; Special Offer<\/em>, Nova Gallery, Cracow, Poland<br \/><em>&#8211; Supercollection\u201980<\/em>, Entropia Gallery, Wroc\u0142aw, Poland<\/p>\n<p><strong>2002<\/strong><br \/><em>&#8211; Machines<\/em>, Zakr\u0119t Gallery (IHS UW), Warsaw, Poland<\/p>\n<p>Group shows<\/p>\n<p><strong>2025<\/strong><br \/>&#8211; <em>Living Room<\/em>, Olga Klip Gallery, Warsaw, Poland<br \/>&#8211; <em>Fading<\/em>, Ethnographic Museum, Wdzydze, Poland<br \/>&#8211; <em>Still Life<\/em>, Art Walk Gallery, Warsaw, Poland<\/p>\n<p><strong>2024<\/strong><br \/>&#8211; <em>Figures<\/em>, Czong Institute for Contemporary Art (CICA Museum), Gimpo, South Korea<br \/>&#8211; <em>Group show <\/em>as part of the <em>Art Symposium in Krkonos Mountains of the Czech Republic<\/em><br \/>&#8211; <em>Connections<\/em>, The Praga Museum of Warsaw, Warsaw, Poland<\/p>\n<p><strong>2023<\/strong><br \/>&#8211; <em>Zachwyt (w)sp\u00f3\u0142dzia\u0142ania<\/em>, Wozownia Gallery, Toru\u0144, Poland<br \/>&#8211; <em>50 dialogs with art &#8211; from the collection AOKZ<\/em>, AOKZ Gallery, \u0141\u00f3d\u017a, Poland<\/p>\n<p><strong>2022<\/strong><br \/>&#8211; <em>Love, Celebration and the Road Ahead<\/em>, TJ Boulting, London, UK<br \/>&#8211;<em> M\u00e3e<\/em>, 55SP, Sao Paulo, Brazil<br \/>&#8211;<em> Mothering<\/em>, Kupfer Project Space, London, UK<\/p>\n<p><strong>2021<\/strong><br \/>&#8211;<em> POSTKOMPOZYCJA<\/em> project by Mateusz Stanuszek, Warszawa &#8211; Krak\u00f3w<br \/>&#8211; <em>Itsy-bitsy CANCER\u2026 leaves you with a SCAR<\/em> project by Monika Mamzeta<br \/>&#8211; The 4th Every Woman Biennial &#8211; My Love Is Your Love, Copeland Gallery, London, UK<br \/>&#8211; The 4th Every Woman Biennial &#8211; My Love Is Your Love, Superchief Gallery NFT, New York, United States<\/p>\n<p><strong>2020<\/strong><br \/>&#8211;<em> CICA Experimental Film and Video<\/em>, Czong Institute for Contemporary Art (CICA Museum), Gimpo, South Korea<br \/>&#8211; <em>There an Back Again<\/em>, Wall Gallery (on-line)<br \/>&#8211; <em>Sketchbook<\/em>, Brooklyn Art Library, New York, United States<\/p>\n<p><strong>2019<\/strong><br \/>&#8211; <em>Dibujo<\/em>, Wall Gallery Studio, Sa Pobla Majorca, Spain<br \/>&#8211; before auction exhibition, Synapsis, National Museum, Warsaw, Poland<br \/><em>&#8211; 30th birtday<\/em>, Milano Gallery, Warsaw, Poland<br \/>&#8211; group exhibition, Wall Gallery, Warsaw, Poland<br \/><em>&#8211; 100 flags on 100th anniversary of women&#8217;s electoral rights<\/em>, Biuro Wystaw (Fundacja Polskiej Sztuki Nowoczesnej) and Museum of Modern Art, Warsaw, Poland<br \/><em>&#8211; Art Now<\/em>, National Museum, Cracow, Poland<\/p>\n<p><strong>2018<\/strong><br \/><em>&#8211; Join the dots\/unire le distance (Imago Mundi)<\/em>, Trieste, Italy<br \/>&#8211; pre-auction exhibition Synapsis, National Museum, Warsaw, Poland<br \/>&#8211; pre-auction exhibition for Ola, Muzeum Warszawy, Warsaw, Poland<\/p>\n<p><strong>2017<\/strong><br \/><em>&#8211; The Eagle has landed<\/em>, Ausstellungszentrum Pyramide, Berlin, Germany<br \/><em>&#8211; Idea &amp; documents in proces<\/em>, Issue XII<br \/><em>&#8211; This is not my painting<\/em>, Milano Gallery, Warsaw, Poland<br \/>&#8211; participation in Grande Biednale, Fundacja Nowej Kultury B\u0119c Zmiana, Warsaw, Poland<br \/><em>&#8211; 100 flags on 100th anniversary of women&#8217;s electoral rights<\/em> (march), Biuro Wystaw (Fundacja Polskiej Sztuki Nowoczesnej) Warsaw, Poland<\/p>\n<p><strong>2016<\/strong><br \/>&#8211;<em> The Eagle has Landed, Apollo11-45 lat p\u00f3\u017aniej<\/em>, CA Wozownia, Toru\u0144, Poland<br \/>&#8211; pre-auction exhibition Synapsis, National Museum, Warsaw, Poland<br \/>&#8211;<em> Imaginary Friends<\/em>, show, Open Space, Victoria, Canada<br \/>&#8211; charity auction for Max, Pragaleria, Warsaw, Poland<br \/>&#8211; Photo stand, as part of Big Book Festival, Artistic Bookstore, Zach\u0119ta &#8211; National Gallery of Art, Warsaw, Poland<br \/>&#8211;<em> The Eagle has Landed, Apollo 11-45 years later<\/em>, CKiO, Podkowa Le\u015bna, Poland<\/p>\n<p><strong>2015<\/strong><br \/>&#8211; The Eagle has Landed, Apollo 11- 45 years later, Dzia\u0142a\u0144 Gallery, Warsaw, Poland<br \/>&#8211; Paint on the fence 3.0, city space around UKSW, Warsaw, Poland<br \/>&#8211; Paint on the eagle eye, city space around UKSW, Warsaw, Poland<br \/>&#8211; The Eagle has Landed, Apollo 11- 45 years later, BWA Zielona G\u00f3ra, Poland<br \/>&#8211; Unfinished registry. Paintings and their musical interpretations, Zach\u0119ta &#8211; National Gallery of Art, Warsaw, Poland<br \/>&#8211; Warsaw\u2019s Art Fair (Milano Gallery), Warsaw, Poland<\/p>\n<p><strong>2014<\/strong><br \/>&#8211; participation in video presentation, Projektornia, GAK, Gda\u0144sk, Poland<br \/>&#8211; pre-auction exhibition, Gallery of Contemporary Art Bunkier Sztuki, Cracow, Poland<br \/><em>&#8211; Rematch<\/em>, on-line project<\/p>\n<p><strong>2013<\/strong><br \/><em>&#8211; Ladies&#8217; Bath<\/em>, CCA \u0141a\u017ania, Gda\u0144sk, Poland<br \/><em>&#8211; Small is great<\/em>, Appendix2 Gallery, Warsaw, Poland<\/p>\n<p><strong>2012<\/strong><br \/><em>&#8211; Eat, sleep, paint<\/em>, video films, Muzeum Ziemi Lubuskiej, Zielona G\u00f3ra, Poland<br \/><em>&#8211; Ladies&#8217; Bath<\/em>, CCA \u0141a\u017ania, Gda\u0144sk, Poland<br \/>&#8211; Performance as part of Museum\u2019s Night, Format Gallery, Warsaw, Poland<br \/><em>&#8211; Artbox<\/em>, Milano Gallery, Warsaw, Poland<br \/>&#8211; participation in futuwawa, on-line project<\/p>\n<p><strong>2011<\/strong><br \/><em>&#8211; Regeneration 011<\/em>, Plato Art Space, Istanbul, Turkey<br \/><em>&#8211; Ladies&#8217; Bath<\/em>, CCA \u0141a\u017ania, Gda\u0144sk, Poland<br \/><em>&#8211; Prize, The dog is undergoing treatment<\/em>, Czu\u0142o\u015b\u0107 Gallery, Warsaw, Poland<br \/>&#8211; Milano Gallery presentation, Dom Jab\u0142o\u0144skich, Warszawa, Poland<\/p>\n<p><strong>2010<\/strong><br \/><em>&#8211; Woman\u2019s Day<\/em>, CCA \u0141a\u017ania, Gda\u0144sk, Poland<br \/><em>&#8211; Ho\u017carty<\/em>, 1500m2 do wynaj\u0119cia, Warsaw, Poland<br \/><em>&#8211; Museum\u2019s Night<\/em>, Fundacja Atelier, Warsaw, Poland<br \/><em>&#8211; Museum\u2019s Night<\/em>, Wizytuj\u0105ca Gallery, Warsaw, Poland<br \/><em>&#8211; Summer In the city \u2013 excibition not Orly for the children<\/em>, Zach\u0119ta National Gallery of Art., Warsaw, Poland<br \/><em>&#8211; Picnic<\/em>, Modelarnia\/IS Wyspa, Gda\u0144sk, Poland<br \/><em>&#8211; Farewell to a fairy tale<\/em>, Studio BWA, Wroc\u0142aw<br \/><em>&#8211; One hundred billion for the fall of art<\/em>, Galeria Wizytuj\u0105ca, Warszawa<br \/><em>&#8211; In the first person, the singular<\/em>, Klajpeda Exhibition City Hall, Klajpeda, Litwa<\/p>\n<p><strong>2009<\/strong><br \/><em>&#8211; Auction for Edd Deskur<\/em>, Gallery of Contemporary Art Bunkier Sztuki, Cracow, Poland<br \/><em>&#8211; Biennale for children<\/em>, CK Zamek, Pozna\u0144, Poland<br \/><em>&#8211; 44<\/em>, pre-auction exhibition of the Jerzy Grotowski foundation, BWA Design Gallery, Wroclaw, Poland<br \/>&#8211; Another view pre-auction exhibition, MSN, Warsaw, Poland<br \/><em>&#8211; Parcels For The Promised Land<\/em>, KUNSTB\u00dcROBERLIN, Berlin, Germany<br \/><em>&#8211; Heroes&#8217; Summit<\/em>, Gallery of Contemporary Art Bunkier Sztuki, Cracow, Poland<br \/><em>&#8211; New history<\/em>, CCA \u0141a\u017ania, Gdansk, Poland<br \/><em>&#8211; 6th birthday of Zero Gallery<\/em>, Zero Gallery, Berlin, Germany<br \/>&#8211; video presentation, Jakominiplatz (ESC Gallery), Graz, Austria<br \/><em>&#8211; Shoes or No Shoes?<\/em>, SONS Museum, Kruishoutem, Belgia<br \/><em>&#8211; Wd8 collection<\/em>, Pollau, Austria<br \/>&#8211; pre-auction exhibition for Paulina Wroc\u0142awska, MSN, Warsaw, Poland<br \/><em>&#8211; 30&#215;30<\/em>, Milano Gallery, Warsaw, Poland<\/p>\n<p><strong>2008<\/strong><br \/><em>&#8211; Directors lounge<\/em>, (project included as part of Berlinale), Berlin, Germany<br \/><em>&#8211; First birthday of Ho\u017ca<\/em>, Ho\u017ca Gallery, Warsaw, Poland<br \/><em>&#8211; Entropy is increasing<\/em>, Entropia Gallery, Wroclaw, Poland<br \/><em>&#8211; This is not exhibition<\/em>, Zach\u0119ta &#8211; National Gallery of Art, Warsaw, Poland<br \/><em>&#8211; 8 March<\/em>, CCA \u0141a\u017ania, Gda\u0144sk, Poland<br \/><em>&#8211; The good project<\/em>, intervention in the Wie\u015b3 grocery store, as part of Ho\u017carty \u2013 Ho\u017ca street holiday, Warsaw, Poland<br \/><em>&#8211; Museum\u2019s Night<\/em>, Wizytuj\u0105ca Gallery, Warsaw, Poland<br \/><em>&#8211; 5th birthday of Zero Gallery<\/em>, Zero Gallery, Berlin, Germany<\/p>\n<p><strong>2007<\/strong><br \/><em>&#8211; Sweet Art<\/em>, CCA \u0141a\u017ania, Gda\u0144sk, Poland<br \/>&#8211; pre-auction exhibition for Krystiana Robb-Narbutt, Zach\u0119ta National Gallery of Art, Warsaw, Poland<br \/><em>&#8211; Shoes or No Shoes?<\/em>, SONS Museum, Kruishoutem, Belgia<br \/><em>&#8211; Museum\u2019s Night<\/em>, Wizytuj\u0105ca Gallery, Warsaw, Poland<br \/>&#8211; Group Exhibition, Modelarnia\/IS Wyspa, Gda\u0144sk, Poland<br \/>&#8211; Group Exhibition, Art Car Boot Fair, London, UK<br \/><em>&#8211; Web Biennial 2007<\/em>, Istambul Contemporary Art Museum (iS.CaM), Istanbul, Turkey<br \/><em>&#8211; Outvideo Festival<\/em>, National Center of Contemporary Art, Ekaterinburg, Russia<br \/><em>&#8211; prologue 3<\/em>, ESC Gallery, Graz, Austria<br \/><em>&#8211; Welcome to Hong Kong<\/em>, Ho\u017ca Gallery, Poland<br \/><em>&#8211; Showcases<\/em>, city space, \u0141\u00f3d\u017a, Poland<br \/><em>&#8211; Stock Exchange, the State Mint<\/em> (with Ryszard Grzyb, Dorota Borowa), Warsaw, Poland<br \/><em>&#8211; To the Shipyard<\/em>, Kolonia Artyst\u00f3w, Gda\u0144sk, Poland<\/p>\n<p><strong>2006<\/strong><br \/><em>&#8211; Soft Love<\/em>, IS Wyspa\/ Modelarnia, Gda\u0144sk,Poland<br \/><em>&#8211; Marginal art exhibition<\/em>, Gallery Saoh &amp; Tomos, Tokyo, Japan<br \/><em>&#8211; The game<\/em>, Centrum Olimpijskie\/Karowa Gallery, Warsaw, Poland<br \/><em>&#8211; the Collective Intelligence project (Mutaforma project)<\/em>, Fine Arts Academy of Carrara, Italy<br \/><em>&#8211; the Collective Intelligence project (Mutaforma project)<\/em>, Proj Festival, International de nouvelles images, Nancy, France<br \/><em>&#8211; the Collective Intelligence project (Mutaforma project)<\/em>, File 2006, SESI Gallery, Sao Paulo, Brasil<br \/><em>&#8211; PARKGEWUSEL 06<\/em>, Max Walter Platz, Wien, Austria<br \/><em>&#8211; the Collective Intelligence project<\/em> (Mutaforma project), Pandemic Festival, Milan, Italy<br \/><em>&#8211; Museum\u2019s Night<\/em>, Milano Gallery, Warsaw, Poland<br \/><em>&#8211; Rozm\u0119\u017cczy\u017anienie-Wym\u0119\u017cczy\u017anienie<\/em>, Zakr\u0119t Gallery, Warsaw, Poland<br \/><em>&#8211; 3 Jahre Galerie Zero<\/em>, Zero Galerie, Berlin, Germany<br \/><em>&#8211; prologue 2<\/em>, ESC Gallery, Graz, Austria ( curator: Marina Grzinic)<br \/><em>&#8211; Nowe Drogi-Neue Wege<\/em>, K4Gallery, Saarbrucken, Germany<br \/><em>&#8211; polnische murBAR<\/em> (presentation), ESC Gallery, Graz, Austria<br \/><em>&#8211; Komic festival<\/em>, Machfeld, Wien, Austria<br \/><em>&#8211; the Collective Intelligence project<\/em> (Mutaforma project), Piemonte Share 2006 festival. Turin, Italy<br \/><em>&#8211; 8March<\/em> (presentation) Haus am Bach, Markt Hartmannsdorf, Austria<br \/><em>&#8211; Imaging Ourselves<\/em>, International Museum of Women, San Francisco, USA<br \/><em>&#8211; Ladies asks the gentleman<\/em>, CCA \u0141a\u017ania, Gda\u0144sk, Poland<br \/><em>&#8211; On their own<\/em> \u2013 Graduates of the Leona Tarasewicz workshop, Zach\u0119ta National Gallery of Art, Warsaw, Poland<\/p>\n<p><strong>2005<\/strong><br \/><em>&#8211; 6th National Exhibition of Young Painters &#8211; 7th Geppert Competiton<\/em>, BWA Gallery, Wroclaw, Poland<br \/><em>&#8211; Whose sex?<\/em>, G\u00f3rno\u015bl\u0105skie Center of Culture, Katowice, Poland<br \/><em>&#8211; Preview Berlin 2005<\/em>, Berlin, Germany<br \/><em>&#8211; Polish Political Art<\/em>, Sk\u0142adnica Sztuki, Olsztyn, Poland<br \/><em>&#8211; Polish Political Art<\/em>, Kolonia Artyst\u00f3w, Gda\u0144sk, Poland<br \/><em>&#8211; iPop<\/em>, Art Murmur Gallery, Los Angeles, USA<br \/><em>&#8211; the Collective Intelligence project<\/em> (Mutaforma project) Art. Laboratory \u2013 Mars Pavillion (renovated Italian pavilion), la Biennale di VEnezia- 51st International Art Exhibition, Venezia, Italy<br \/><em>&#8211; Outvideo Festival<\/em>, National Center of Contemporary Art., Ekaterinburg, Russia<br \/><em>&#8211; Idea-Animal<\/em>, BrowArt Gallery, Wroc\u0142aw, Poland<br \/><em>&#8211; Art Fair<\/em>, Stary Browar, Pozna\u0144, Poland<br \/><em>&#8211; Best of Zero<\/em>, Zero Gallery, Berlin, Germany<br \/>&#8211; Salon Europeen des Jeunes Createurs Montrouge\/Paris, France<br \/><em>&#8211; Video spaces\u201905<\/em>, BWA Gallery, Wroc\u0142aw, Poland<br \/><em>&#8211; Women\u2019s art about women<\/em>, Sk\u0142adnica Sztuki, Olsztyn, Poland<br \/><em>&#8211; The Detroit Film &amp;Video Festival<\/em>, Museum of New Art, Detroit, USA<\/p>\n<p><strong>2004<\/strong><br \/><em>&#8211; New Polish Young Artists<\/em>, Program Gallery, Poland<br \/><em>&#8211; Fair of Cheap Art<\/em>, Raster Gallery, Warsaw, Poland<br \/><em>&#8211; Braderie de l\u2019art. 2004edition<\/em>, Art Point M le laboratoire factory, Roubaix, France<br \/><em>&#8211; 36th National festiwal of painting<\/em>, BWA Gallery, Zielona G\u00f3ra, Poland<br \/><em>&#8211; 36th National festiwal of painting<\/em>, BWA Gallery, Baltic Gallery of Art, S\u0142upsk, Poland<br \/><em>&#8211; Participation in Ladyfest<\/em>, Le Madame, Warsaw, Poland<br \/><em>&#8211; 1st European Festival of Wall Painting<\/em>, W\u0119ze\u0142 Kliniczna, Gda\u0144sk, Poland<br \/><em>&#8211; Outvideo Festival<\/em>, National Center of Contemporary Art., Ekaterinburg, Russia<br \/><em>&#8211; Children\u2019s Art<\/em>, artist workshops \/ exhibition, Zach\u0119ta National Gallery of Art., Warsaw, Poland<br \/><em>&#8211; Prix Ars Electronica<\/em>, Linz, Austria<br \/><em>&#8211; Wroclaw@Strasbourg<\/em>, Zoo Gallery, Strasbourg, France<br \/><em>&#8211; NetARTeria<\/em>, G\u00f3rnoslaski Center of Culture, Katowice, Poland<br \/><em>&#8211; participation in BARDZO (Very) project<\/em>, cizy zone, Wroclaw, Poland<\/p>\n<p><strong>2003<\/strong><br \/><em>&#8211; Evil is for the masses<\/em>, Zmiana Organizacji Ruchu, Warsaw, Poland<br \/><em>&#8211; God is a woman!<\/em>, CDQ, Warsaw, Poland (min. with Anna Baumgart, Laura Pawela)<br \/><em>&#8211; 2 Fair of Cheap Art<\/em>, Raster Gallery, Warsaw, Poland<br \/><em>&#8211; Fascinations<\/em>, Barna Gallery, Barcelona, Spain<br \/><em>&#8211; Opening<\/em>, Ars Nova Gallery, Lodz, Poland<br \/><em>&#8211; 2002 promotions<\/em>, Art. Gallery, Legnica, Poland<br \/><em>&#8211; 36th National Festival of Painting<\/em>, BWA Gallery, Bielsko \u2013 Bia\u0142a, Poland<br \/>&#8211; participation in <em>Evil is for the masses<\/em>, twozywo.art.pl<br \/><em>&#8211; I like it you know\u2026Hmm me too<\/em>, Karowa Gallery, Warsaw, Poland<br \/>&#8211; participation in <em>co2mailing.art<\/em>, (international internet project under the guidance of Centre of Attention from London)<br \/><em>&#8211; Dead Life<\/em>, Czarna \u0141\u00f3d\u017a Podwodna Gallery, Wroclaw, Poland<br \/><em>&#8211; Festival of Wall Painting<\/em>, W\u0119ze\u0142 Kliniczna, Gda\u0144sk, Poland<br \/>&#8211; Birthday, Ampstrong Club, Zakopane, Poland (coopeation with Nova Gallery Cracow)<br \/>&#8211; participation in <em>something on A-4<\/em>, city space (Barcelona, Berlin, Gda\u0144sk, Monachium, Wroclaw)<br \/>&#8211; participation in <em>REALLAURA<\/em> (Laura Pawela\u2019s project of telephone displays)<br \/><em>&#8211; M-4<\/em>, Studio BWA, Wroclaw, Poland<\/p>\n<p><strong>2002<\/strong><br \/>&#8211; Opening Exhibition, Nova Gallery (now Art Agenda Nova), Cracow, Poland<br \/><em>&#8211; Fair of Cheap Art<\/em>, Raster Gallery, Warsaw, Poland<br \/><em>&#8211; Diploma Exhibition<\/em> of the Leon Tarasewicz\u2019s Class 2002, CCA- Ujazdowski Castle, Warsaw, Poland<br \/><em>&#8211; Lookat me\/Sp\u00f3jrz na mnie<\/em>, Novart.pl, Gallery of Contemporary Art Bunkier Sztuki, Cracow, Poland<br \/><em>&#8211; Block. Housing state. Apartment<\/em>, Gallery Dzia\u0142a\u0144 and Gallery Raster, Warsaw, Poland<\/p>\n<p>Artist residency \/ Symposiums<\/p>\n<p><strong>2025<\/strong><br \/>&#8211; Southern Cross Residency, Stilo, Italy<\/p>\n<p><strong>2024<\/strong><br \/>&#8211; Art Symposium in Krkonos Mountains of the Czech Republic<\/p>\n<p><strong>2023<\/strong><br \/>&#8211; Kupfer Project Space, London, UK<\/p>\n<p><strong>2019<\/strong><br \/>&#8211; Residencia Coraz\u00f3n, La Plata, Provincia de Buenos Aires, Argentina<\/p>\n<p><strong>2018 &#8211; 2021<\/strong><br \/>&#8211; Eight times short time residency, CCA \u0141a\u017ania, Gda\u0144sk, Poland<\/p>\n<p><strong>2006<\/strong><br \/>&#8211; One month residency, Aijima Art Center, Tokyo, Japan<br \/>&#8211; One month residency, Mooste, Estonia<br \/>&#8211; Three months residency, Wd8, Walkersdorf, Austria<\/p>\n<p><strong>2005<\/strong><br \/><em>&#8211; Postsovkhoz5<\/em> symposium, Mooste, Estonia<\/p>\n<p><strong>2004<\/strong><br \/>&#8211; one month residency, Kolonia Artyst\u00f3w, Gda\u0144sk, Poland<\/p>\n<p><strong>2002<\/strong><br \/>&#8211; International Meetings of Young Artists Art-Camp 2002, \u015al\u0105sk, Poland<\/p>\n<p>Films and documents<\/p>\n<p><em>&#8211; METRUM 3<\/em>, written and directed by: Przemek M\u0142y\u0144czyk, pictures: Andrzej Musia\u0142, montage: Marek Krol, music: Marcin Ejsmund, cast: Magda Bielesz, Paul Wertico, produkcja FMK 2005, 5 min<br \/><em>&#8211; Case X<\/em> (Case MoKS, Mooste) directed by: Rene Rusjan, Bostian Potokar, Slovenia 2006, 40 min<br \/><em>&#8211; who is who. Magda Bielesz<\/em>, directed by: Anna Ku\u015bmierczyk, pictures: Marcin Nowak, production: patio TV media fabric, \u0141\u00f3d\u017a 2007, 30 min<\/p>\n<p>Collections<\/p>\n<p><strong>2025<\/strong><br \/>&#8211; <em>Macam AM international<\/em>, Bivongi, Italy<br \/>&#8211; <em>Mazovian Centre for Contemporary Art \u201cElektrownia\u201d collection<\/em>, Radom, Poland<\/p>\n<p><strong>2024<\/strong><br \/>&#8211; C<em>ontemporary painting collection<\/em>, University of Gda\u0144sk<br \/>&#8211; <em>University of Gda\u0144sk Library collection<\/em>, University of Gda\u0144sk<\/p>\n<p><strong>2022<\/strong><br \/>&#8211; Museum of Pharmacy, Museum of Warsaw branch, Warsaw, Poland<\/p>\n<p><strong>2018<\/strong><br \/>&#8211; NOMUS collection. National Museum in Gda\u0144sk<\/p>\n<p><strong>2017<\/strong><br \/><em>&#8211; Alternative life<\/em> photo stand, IHS UKSW , Warsaw, Poland<\/p>\n<p><strong>2015<\/strong><br \/><em>&#8211; Imago Mundi<\/em>, The Benetton Fundation, Italy<\/p>\n<p><strong>2007<\/strong><br \/>&#8211; SONS Museum, Kruishoutem, Belgia<\/p>\n<p><strong>2003<\/strong><br \/>&#8211; Zach\u0119ta National Gallery, Warsaw Poland<br \/>&#8211; Zero Gallery, Berlin, Germany<br \/>&#8211; Entropia Gallery, Wroc\u0142aw, Poland<\/p>\n<p><strong>2002<\/strong><br \/>&#8211; IHS UW, Warsaw, Poland<\/p>\n","protected":false},"excerpt":{"rendered":"<p>portrait by Grzegorz Drozd Magda Bielesz (b. 1977, Poland) is a multidisciplinary artist. She is a graduate of the Faculty of Painting at the Academy of Fine Arts in Warsaw 2002. Magda has exhibited extensively in international galleries and institutions, such as la Biennale di Venezia- 51st International Art Exhibition, Venice, Italy, The Museum of [&hellip;]<\/p>\n","protected":false},"author":1,"featured_media":0,"parent":0,"menu_order":0,"comment_status":"closed","ping_status":"closed","template":"","meta":{"_monsterinsights_skip_tracking":false,"_monsterinsights_sitenote_active":false,"_monsterinsights_sitenote_note":"","_monsterinsights_sitenote_category":0,"footnotes":""},"class_list":["post-16","page","type-page","status-publish","hentry"],"_links":{"self":[{"href":"http:\/\/magdabielesz.com\/index.php?rest_route=\/wp\/v2\/pages\/16","targetHints":{"allow":["GET"]}}],"collection":[{"href":"http:\/\/magdabielesz.com\/index.php?rest_route=\/wp\/v2\/pages"}],"about":[{"href":"http:\/\/magdabielesz.com\/index.php?rest_route=\/wp\/v2\/types\/page"}],"author":[{"embeddable":true,"href":"http:\/\/magdabielesz.com\/index.php?rest_route=\/wp\/v2\/users\/1"}],"replies":[{"embeddable":true,"href":"http:\/\/magdabielesz.com\/index.php?rest_route=%2Fwp%2Fv2%2Fcomments&post=16"}],"version-history":[{"count":163,"href":"http:\/\/magdabielesz.com\/index.php?rest_route=\/wp\/v2\/pages\/16\/revisions"}],"predecessor-version":[{"id":1114,"href":"http:\/\/magdabielesz.com\/index.php?rest_route=\/wp\/v2\/pages\/16\/revisions\/1114"}],"wp:attachment":[{"href":"http:\/\/magdabielesz.com\/index.php?rest_route=%2Fwp%2Fv2%2Fmedia&parent=16"}],"curies":[{"name":"wp","href":"https:\/\/api.w.org\/{rel}","templated":true}]}}